{"id":1236,"date":"2024-02-07T02:43:09","date_gmt":"2024-02-07T01:43:09","guid":{"rendered":"https:\/\/bestiesbakery.fr\/toulouse\/?post_type=product&#038;p=1236"},"modified":"2026-04-29T16:20:28","modified_gmt":"2026-04-29T14:20:28","slug":"layer-cake-fraisier-2","status":"publish","type":"product","link":"https:\/\/bestiesbakery.fr\/toulouse\/produit\/layer-cake-fraisier-2\/","title":{"rendered":"Layer cake Fraisier"},"content":{"rendered":"<p>Une g\u00e9noise vanille et un fourrage cr\u00e8me vanille, accompagn\u00e9 de fraises fraiches.<\/p>\n","protected":false},"excerpt":{"rendered":"<p>D\u00e9couvrez le fraisier des Besties !<\/p>\n<p>Ne passez pas \u00e0 c\u00f4t\u00e9 de cet incontournable de la p\u00e2tisserie version layer cake .<\/p>\n","protected":false},"featured_media":1243,"template":"","meta":{"_acf_changed":false,"_seopress_robots_primary_cat":"none","_seopress_titles_title":"","_seopress_titles_desc":"","_seopress_robots_index":"","inline_featured_image":false},"product_cat":[92,81],"product_tag":[56],"acf":[],"_links":{"self":[{"href":"https:\/\/bestiesbakery.fr\/toulouse\/wp-json\/wp\/v2\/product\/1236"}],"collection":[{"href":"https:\/\/bestiesbakery.fr\/toulouse\/wp-json\/wp\/v2\/product"}],"about":[{"href":"https:\/\/bestiesbakery.fr\/toulouse\/wp-json\/wp\/v2\/types\/product"}],"wp:featuredmedia":[{"embeddable":true,"href":"https:\/\/bestiesbakery.fr\/toulouse\/wp-json\/wp\/v2\/media\/1243"}],"wp:attachment":[{"href":"https:\/\/bestiesbakery.fr\/toulouse\/wp-json\/wp\/v2\/media?parent=1236"}],"wp:term":[{"taxonomy":"product_cat","embeddable":true,"href":"https:\/\/bestiesbakery.fr\/toulouse\/wp-json\/wp\/v2\/product_cat?post=1236"},{"taxonomy":"product_tag","embeddable":true,"href":"https:\/\/bestiesbakery.fr\/toulouse\/wp-json\/wp\/v2\/product_tag?post=1236"}],"curies":[{"name":"wp","href":"https:\/\/api.w.org\/{rel}","templated":true}]}}