{"id":472,"date":"2024-01-26T06:38:30","date_gmt":"2024-01-26T05:38:30","guid":{"rendered":"https:\/\/bestiesbakery.fr\/paris\/?post_type=product&#038;p=472"},"modified":"2026-05-06T02:33:28","modified_gmt":"2026-05-06T00:33:28","slug":"layer-cake-cartoon","status":"publish","type":"product","link":"https:\/\/bestiesbakery.fr\/paris\/produit\/layer-cake-cartoon\/","title":{"rendered":"Cartoon Cake"},"content":{"rendered":"<p>Cr\u00e9ez vous-m\u00eame votre <strong>Cartoon Cake<\/strong> sur mesure en choisissant le parfum, la couleur du g\u00e2teau, et votre message personnalis\u00e9 .<\/p>\n","protected":false},"excerpt":{"rendered":"<p>Cr\u00e9ez vous-m\u00eame votre Cartoon Cake sur mesure en choisissant le parfum, la couleur du g\u00e2teau, et votre message personnalis\u00e9 .<\/p>\n","protected":false},"featured_media":481,"template":"","meta":{"_acf_changed":false,"_seopress_robots_primary_cat":"none","_seopress_titles_title":"","_seopress_titles_desc":"","_seopress_robots_index":"","inline_featured_image":false},"product_cat":[81,93],"product_tag":[50,71],"acf":[],"_links":{"self":[{"href":"https:\/\/bestiesbakery.fr\/paris\/wp-json\/wp\/v2\/product\/472"}],"collection":[{"href":"https:\/\/bestiesbakery.fr\/paris\/wp-json\/wp\/v2\/product"}],"about":[{"href":"https:\/\/bestiesbakery.fr\/paris\/wp-json\/wp\/v2\/types\/product"}],"wp:featuredmedia":[{"embeddable":true,"href":"https:\/\/bestiesbakery.fr\/paris\/wp-json\/wp\/v2\/media\/481"}],"wp:attachment":[{"href":"https:\/\/bestiesbakery.fr\/paris\/wp-json\/wp\/v2\/media?parent=472"}],"wp:term":[{"taxonomy":"product_cat","embeddable":true,"href":"https:\/\/bestiesbakery.fr\/paris\/wp-json\/wp\/v2\/product_cat?post=472"},{"taxonomy":"product_tag","embeddable":true,"href":"https:\/\/bestiesbakery.fr\/paris\/wp-json\/wp\/v2\/product_tag?post=472"}],"curies":[{"name":"wp","href":"https:\/\/api.w.org\/{rel}","templated":true}]}}