{"id":25849,"date":"2025-02-03T17:03:49","date_gmt":"2025-02-03T16:03:49","guid":{"rendered":"https:\/\/bestiesbakery.fr\/paris\/?post_type=product&#038;p=25849"},"modified":"2026-05-06T01:16:42","modified_gmt":"2026-05-05T23:16:42","slug":"i-love-you-french-cancan","status":"publish","type":"product","link":"https:\/\/bestiesbakery.fr\/paris\/produit\/i-love-you-french-cancan\/","title":{"rendered":"I love you &#8211; French Cancan"},"content":{"rendered":"<p>Il peut \u00eatre parfum\u00e9 au chocolat ou aux fruits, d\u00e9cor\u00e9 selon vos envies ou le th\u00e8me de votre \u00e9v\u00e9nement (anniversaire, moments en famille, entre amies, St-Valentin, demande en mariage, d\u00e9claration d&#8217;amour ou tout autre \u00e9v\u00e9nement.)<\/p>\n<p><strong>Des recettes savoureuses au choix :\u00a0<\/strong><br \/>\nCr\u00e8me vanille, mousse framboise, mousse chocolat, mousse mangue-passion, fa\u00e7on fraisier (selon saison) ou encore le plus c\u00e9l\u00e8bre, le red velvet.<\/p>\n<p><strong>A personnaliser selon vos envies !<\/strong><\/p>\n<p>&nbsp;<\/p>\n<p>Au plaisir de vous r\u00e9galer \ud83d\ude42<\/p>\n","protected":false},"excerpt":{"rendered":"<p>D\u00e9couvrez notre tout nouveau <strong>Love Cake\u00a0 &#8220;I love you&#8221;\u00a0<\/strong>compos\u00e9 d&#8217;une g\u00e9noise et d&#8217;une cr\u00e8me all\u00e9g\u00e9e sans beurre ni sucre ajout\u00e9.<\/p>\n<p><span style=\"font-weight: 400;\">Un layer cake sublim\u00e9 d&#8217;une d\u00e9coration \u00e9l\u00e9gante sous le th\u00e8me de l&#8217;amour.<\/span><\/p>\n<p><span style=\"font-weight: 400;\">Vous pourrez choisir parmi nos diff\u00e9rents parfums, le nombre de parts, la couleur du g\u00e2teau, des coeurs, des noeuds, modifier le message et la couleur du message. <\/span><\/p>\n<p><span style=\"font-weight: 400;\">Pour le plaisir d\u2019offrir et de vous r\u00e9galer entre amis ou en famille.\u00a0<\/span><\/p>\n<p>Faites de vos \u00e9v\u00e9nements, des instants uniques et gourmands !<\/p>\n","protected":false},"featured_media":25759,"template":"","meta":{"_acf_changed":false,"_seopress_robots_primary_cat":"none","_seopress_titles_title":"","_seopress_titles_desc":"","_seopress_robots_index":"","inline_featured_image":false},"product_cat":[81,93,88,121],"product_tag":[118,107,116,117,108,114,71,115],"acf":[],"_links":{"self":[{"href":"https:\/\/bestiesbakery.fr\/paris\/wp-json\/wp\/v2\/product\/25849"}],"collection":[{"href":"https:\/\/bestiesbakery.fr\/paris\/wp-json\/wp\/v2\/product"}],"about":[{"href":"https:\/\/bestiesbakery.fr\/paris\/wp-json\/wp\/v2\/types\/product"}],"wp:featuredmedia":[{"embeddable":true,"href":"https:\/\/bestiesbakery.fr\/paris\/wp-json\/wp\/v2\/media\/25759"}],"wp:attachment":[{"href":"https:\/\/bestiesbakery.fr\/paris\/wp-json\/wp\/v2\/media?parent=25849"}],"wp:term":[{"taxonomy":"product_cat","embeddable":true,"href":"https:\/\/bestiesbakery.fr\/paris\/wp-json\/wp\/v2\/product_cat?post=25849"},{"taxonomy":"product_tag","embeddable":true,"href":"https:\/\/bestiesbakery.fr\/paris\/wp-json\/wp\/v2\/product_tag?post=25849"}],"curies":[{"name":"wp","href":"https:\/\/api.w.org\/{rel}","templated":true}]}}