{"id":25812,"date":"2025-02-01T17:00:01","date_gmt":"2025-02-01T16:00:01","guid":{"rendered":"https:\/\/bestiesbakery.fr\/paris\/?post_type=product&#038;p=25812"},"modified":"2026-05-06T01:34:25","modified_gmt":"2026-05-05T23:34:25","slug":"love-bento-cake-big-hearts","status":"publish","type":"product","link":"https:\/\/bestiesbakery.fr\/paris\/produit\/love-bento-cake-big-hearts\/","title":{"rendered":"Love bento cake &#8211; Big Hearts"},"content":{"rendered":"<p>Nos <strong>Bento Cakes<\/strong> (mini layer cakes 2 parts ) sont compos\u00e9s d&#8217;une g\u00e9noise et d&#8217;une cr\u00e8me all\u00e9g\u00e9e sans beurre ni sucre ajout\u00e9.<\/p>\n<p>Il peut \u00eatre parfum\u00e9 au chocolat ou aux fruits, d\u00e9cor\u00e9 selon vos envies ou le th\u00e8me de votre \u00e9v\u00e9nement (anniversaire, St-Valentin, demande en mariage, d\u00e9claration d&#8217;amour ou tout autre \u00e9v\u00e9nement.)<\/p>\n<p><strong>Des recettes savoureuses au choix :\u00a0<\/strong><br \/>\nCr\u00e8me vanille, mousse framboise, mousse chocolat, mousse mangue-passion, fa\u00e7on fraisier ou encore le plus c\u00e9l\u00e8bre le red velvet.<\/p>\n<p>Au plaisir de vous r\u00e9galer !<\/p>\n<p>&nbsp;<\/p>\n<p>&nbsp;<\/p>\n","protected":false},"excerpt":{"rendered":"<p>D\u00e9couvrez notre tout nouveau <b>Love bento cake &#8211; Big Hearts <\/b>compos\u00e9 d&#8217;une g\u00e9noise et d&#8217;une cr\u00e8me all\u00e9g\u00e9e sans beurre ni sucre ajout\u00e9.<\/p>\n<p>Ce g\u00e2teau girly, id\u00e9al pour des moments en amoureux ou entre Besties, est personnalisable :<br \/>\nVous pouvez en effet choisir parmi nos diff\u00e9rents parfums.<\/p>\n<p>Faites de vos \u00e9v\u00e9nements, des instants uniques et gourmands !<\/p>\n","protected":false},"featured_media":25755,"template":"","meta":{"_acf_changed":false,"_seopress_robots_primary_cat":"none","_seopress_titles_title":"","_seopress_titles_desc":"","_seopress_robots_index":"","inline_featured_image":false},"product_cat":[81,91,88,121],"product_tag":[50,53,72,51,71],"acf":[],"_links":{"self":[{"href":"https:\/\/bestiesbakery.fr\/paris\/wp-json\/wp\/v2\/product\/25812"}],"collection":[{"href":"https:\/\/bestiesbakery.fr\/paris\/wp-json\/wp\/v2\/product"}],"about":[{"href":"https:\/\/bestiesbakery.fr\/paris\/wp-json\/wp\/v2\/types\/product"}],"wp:featuredmedia":[{"embeddable":true,"href":"https:\/\/bestiesbakery.fr\/paris\/wp-json\/wp\/v2\/media\/25755"}],"wp:attachment":[{"href":"https:\/\/bestiesbakery.fr\/paris\/wp-json\/wp\/v2\/media?parent=25812"}],"wp:term":[{"taxonomy":"product_cat","embeddable":true,"href":"https:\/\/bestiesbakery.fr\/paris\/wp-json\/wp\/v2\/product_cat?post=25812"},{"taxonomy":"product_tag","embeddable":true,"href":"https:\/\/bestiesbakery.fr\/paris\/wp-json\/wp\/v2\/product_tag?post=25812"}],"curies":[{"name":"wp","href":"https:\/\/api.w.org\/{rel}","templated":true}]}}