{"id":247,"date":"2025-02-01T15:17:48","date_gmt":"2025-02-01T14:17:48","guid":{"rendered":"https:\/\/bestiesbakery.fr\/paris\/?post_type=product&#038;p=247"},"modified":"2026-05-06T01:43:48","modified_gmt":"2026-05-05T23:43:48","slug":"layer-cake-love","status":"publish","type":"product","link":"https:\/\/bestiesbakery.fr\/paris\/produit\/layer-cake-love\/","title":{"rendered":"Love cake"},"content":{"rendered":"<p>Il peut \u00eatre parfum\u00e9 au chocolat ou aux fruits, d\u00e9cor\u00e9 selon vos envies.<\/p>\n<p><strong>Des recettes savoureuses au choix :\u00a0<\/strong><br \/>\nCr\u00e8me vanille, mousse framboise, mousse chocolat, mousse mangue-passion, fa\u00e7on fraisier (selon saison) ou encore le plus c\u00e9l\u00e8bre, le red velvet.<\/p>\n<p>Au plaisir de vous r\u00e9galer !<\/p>\n<p>&nbsp;<\/p>\n<p>&nbsp;<\/p>\n<p>&nbsp;<\/p>\n<p>&nbsp;<\/p>\n","protected":false},"excerpt":{"rendered":"<p>D\u00e9clarez votre amour avec notre Love Cake gourmand et moelleux qui fera fondre le c\u0153ur de votre bien aim\u00e9(e).<br \/>\nVendu \u00e9galement en boutique .<\/p>\n","protected":false},"featured_media":1206,"template":"","meta":{"_acf_changed":false,"_seopress_robots_primary_cat":"none","_seopress_titles_title":"","_seopress_titles_desc":"","_seopress_robots_index":"","inline_featured_image":false},"product_cat":[81,93,88,121],"product_tag":[107,64,108,51,71],"acf":[],"_links":{"self":[{"href":"https:\/\/bestiesbakery.fr\/paris\/wp-json\/wp\/v2\/product\/247"}],"collection":[{"href":"https:\/\/bestiesbakery.fr\/paris\/wp-json\/wp\/v2\/product"}],"about":[{"href":"https:\/\/bestiesbakery.fr\/paris\/wp-json\/wp\/v2\/types\/product"}],"wp:featuredmedia":[{"embeddable":true,"href":"https:\/\/bestiesbakery.fr\/paris\/wp-json\/wp\/v2\/media\/1206"}],"wp:attachment":[{"href":"https:\/\/bestiesbakery.fr\/paris\/wp-json\/wp\/v2\/media?parent=247"}],"wp:term":[{"taxonomy":"product_cat","embeddable":true,"href":"https:\/\/bestiesbakery.fr\/paris\/wp-json\/wp\/v2\/product_cat?post=247"},{"taxonomy":"product_tag","embeddable":true,"href":"https:\/\/bestiesbakery.fr\/paris\/wp-json\/wp\/v2\/product_tag?post=247"}],"curies":[{"name":"wp","href":"https:\/\/api.w.org\/{rel}","templated":true}]}}