{"id":14101,"date":"2026-02-06T20:00:25","date_gmt":"2026-02-06T19:00:25","guid":{"rendered":"https:\/\/bestiesbakery.fr\/gennevilliers\/produit\/love-bow-cake\/"},"modified":"2026-05-13T11:48:22","modified_gmt":"2026-05-13T09:48:22","slug":"love-bow-cake","status":"publish","type":"product","link":"https:\/\/bestiesbakery.fr\/gennevilliers\/produit\/love-bow-cake\/","title":{"rendered":"Love Bow cake"},"content":{"rendered":"<p>Le <strong>Love Bow Cake<\/strong> est un g\u00e2teau c\u0153ur au style romantique et d\u00e9licatement r\u00e9tro, enti\u00e8rement d\u00e9cor\u00e9 de pochages g\u00e9n\u00e9reux et de rubans \u00e9l\u00e9gants.<\/p>\n<p>Sa finition rose pastel contrast\u00e9e par des d\u00e9tails rouges lui donne un <strong>fort impact visuel, parfait pour une surprise, une d\u00e9claration ou une c\u00e9l\u00e9bration sp\u00e9ciale.<\/strong><br \/>\nMoelleux, garni d\u2019une cr\u00e8me onctueuse et travaill\u00e9 dans les moindres d\u00e9tails, il est pens\u00e9 comme une pi\u00e8ce cadeau autant qu\u2019un dessert gourmand.<\/p>\n<p><strong>Effet \u201cwaouh\u201d garanti !<\/strong><\/p>\n<p><strong>Des recettes savoureuses au choix :\u00a0<\/strong><br \/>\nCr\u00e8me vanille, mousse framboise, mousse chocolat, mousse mangue-passion, fa\u00e7on fraisier (selon saison) ou encore le plus c\u00e9l\u00e8bre, le red velvet.<\/p>\n<p>Au plaisir de vous r\u00e9galer \ud83d\ude42<\/p>\n","protected":false},"excerpt":{"rendered":"<p>D\u00e9couvrez notre tout nouveau <strong>Love Bow Cake <\/strong>compos\u00e9 d&#8217;une g\u00e9noise et d&#8217;une c<strong>r\u00e8me all\u00e9g\u00e9e sans beurre ni sucre ajout\u00e9.<\/strong><\/p>\n<p><span style=\"font-weight: 400\">Un layer cake sublim\u00e9 d&#8217;une d\u00e9coration \u00e9l\u00e9gante sous le th\u00e8me de l&#8217;amour.<\/span><\/p>\n<p><span style=\"font-weight: 400\">Pour le plaisir d\u2019offrir et de vous r\u00e9galer entre amis ou en famille.\u00a0<\/span><\/p>\n<p>Faites de vos \u00e9v\u00e9nements, des instants uniques et gourmands !<\/p>\n","protected":false},"featured_media":14577,"template":"","meta":{"_acf_changed":false,"_seopress_robots_primary_cat":"none","_seopress_titles_title":"","_seopress_titles_desc":"","_seopress_robots_index":"","inline_featured_image":false},"product_cat":[121,93,88,124],"product_tag":[118,107,116,117,108,114,71,115],"acf":[],"_links":{"self":[{"href":"https:\/\/bestiesbakery.fr\/gennevilliers\/wp-json\/wp\/v2\/product\/14101"}],"collection":[{"href":"https:\/\/bestiesbakery.fr\/gennevilliers\/wp-json\/wp\/v2\/product"}],"about":[{"href":"https:\/\/bestiesbakery.fr\/gennevilliers\/wp-json\/wp\/v2\/types\/product"}],"wp:featuredmedia":[{"embeddable":true,"href":"https:\/\/bestiesbakery.fr\/gennevilliers\/wp-json\/wp\/v2\/media\/14577"}],"wp:attachment":[{"href":"https:\/\/bestiesbakery.fr\/gennevilliers\/wp-json\/wp\/v2\/media?parent=14101"}],"wp:term":[{"taxonomy":"product_cat","embeddable":true,"href":"https:\/\/bestiesbakery.fr\/gennevilliers\/wp-json\/wp\/v2\/product_cat?post=14101"},{"taxonomy":"product_tag","embeddable":true,"href":"https:\/\/bestiesbakery.fr\/gennevilliers\/wp-json\/wp\/v2\/product_tag?post=14101"}],"curies":[{"name":"wp","href":"https:\/\/api.w.org\/{rel}","templated":true}]}}