{"id":12294,"date":"2025-02-01T15:59:56","date_gmt":"2025-02-01T14:59:56","guid":{"rendered":"https:\/\/bestiesbakery.fr\/gennevilliers\/?post_type=product&#038;p=12294"},"modified":"2026-05-11T13:41:00","modified_gmt":"2026-05-11T11:41:00","slug":"cherry-love-cake","status":"publish","type":"product","link":"https:\/\/bestiesbakery.fr\/gennevilliers\/produit\/cherry-love-cake\/","title":{"rendered":"Cherry Love cake"},"content":{"rendered":"<p>Il peut \u00eatre parfum\u00e9 au chocolat ou aux fruits, d\u00e9cor\u00e9 selon vos envies ou le th\u00e8me de votre \u00e9v\u00e9nement (anniversaire, moments en famille, entre amies, St-Valentin, demande en mariage, d\u00e9claration d&#8217;amour ou tout autre \u00e9v\u00e9nement.)<\/p>\n<p><strong>Des recettes savoureuses au choix :\u00a0<\/strong><br \/>\nCr\u00e8me vanille, mousse framboise, mousse chocolat, mousse mangue-passion, fa\u00e7on fraisier ou encore le plus c\u00e9l\u00e8bre, le red velvet.<\/p>\n<p>Au plaisir de vous r\u00e9galer !<\/p>\n","protected":false},"excerpt":{"rendered":"<p>D\u00e9couvrez notre tout nouveau <strong>Cher<\/strong>r<b>y Love cake<\/b>\u00a0compos\u00e9 d&#8217;une g\u00e9noise et d&#8217;une cr\u00e8me all\u00e9g\u00e9e sans beurre ni sucre ajout\u00e9.<\/p>\n<p><span style=\"font-weight: 400\">Un layer cake rose en forme de c\u0153ur d\u00e9cor\u00e9 de cerises dont vous pourrez choisir parmi nos diff\u00e9rents parfums, le nombre de parts, le message et la couleur du message. <\/span><\/p>\n<p><span style=\"font-weight: 400\">Pour le plaisir d\u2019offrir et de vous r\u00e9galer entre amis ou en famille.\u00a0<\/span><\/p>\n<p>Faites de vos \u00e9v\u00e9nements, des instants uniques et gourmands !<\/p>\n","protected":false},"featured_media":13169,"template":"","meta":{"_acf_changed":false,"_seopress_robots_primary_cat":"none","_seopress_titles_title":"","_seopress_titles_desc":"","_seopress_robots_index":"","inline_featured_image":false},"product_cat":[121,93,88,124],"product_tag":[118,107,116,117,108,114,71,115],"acf":[],"_links":{"self":[{"href":"https:\/\/bestiesbakery.fr\/gennevilliers\/wp-json\/wp\/v2\/product\/12294"}],"collection":[{"href":"https:\/\/bestiesbakery.fr\/gennevilliers\/wp-json\/wp\/v2\/product"}],"about":[{"href":"https:\/\/bestiesbakery.fr\/gennevilliers\/wp-json\/wp\/v2\/types\/product"}],"wp:featuredmedia":[{"embeddable":true,"href":"https:\/\/bestiesbakery.fr\/gennevilliers\/wp-json\/wp\/v2\/media\/13169"}],"wp:attachment":[{"href":"https:\/\/bestiesbakery.fr\/gennevilliers\/wp-json\/wp\/v2\/media?parent=12294"}],"wp:term":[{"taxonomy":"product_cat","embeddable":true,"href":"https:\/\/bestiesbakery.fr\/gennevilliers\/wp-json\/wp\/v2\/product_cat?post=12294"},{"taxonomy":"product_tag","embeddable":true,"href":"https:\/\/bestiesbakery.fr\/gennevilliers\/wp-json\/wp\/v2\/product_tag?post=12294"}],"curies":[{"name":"wp","href":"https:\/\/api.w.org\/{rel}","templated":true}]}}