{"id":12071,"date":"2025-02-01T03:13:21","date_gmt":"2025-02-01T02:13:21","guid":{"rendered":"https:\/\/bestiesbakery.fr\/gennevilliers\/?post_type=product&#038;p=12071"},"modified":"2026-05-06T03:25:45","modified_gmt":"2026-05-06T01:25:45","slug":"ma-cherry","status":"publish","type":"product","link":"https:\/\/bestiesbakery.fr\/gennevilliers\/produit\/ma-cherry\/","title":{"rendered":"Wedding Cake &#8211; Ma Cherry"},"content":{"rendered":"<p>Sublimez vos \u00e9v\u00e9nements avec ce Wedding Cake &#8220;<strong>Ma Cherry<\/strong>&#8221; !<\/p>\n<p>Il y en a pour tous les go\u00fbts, vous pouvez choisir entre nos diff\u00e9rents parfums : <span style=\"font-weight: 400\">vanille, chocolat, framboise, mangue-passion, fa\u00e7on fraisier (selon saison), red velvet.<\/span><\/p>\n<p><span style=\"font-weight: 400\">Possibilit\u00e9 en 3 \u00e9tages pour les + de 30 parts.<\/span><\/p>\n<p>Au plaisir de vous r\u00e9galer les Besties !<\/p>\n","protected":false},"excerpt":{"rendered":"<p><span style=\"font-weight: 400\">Celui-ci, c&#8217;est<strong>\u00a0Ma Cherry<\/strong><\/span><span style=\"font-weight: 400\">\u00a0!\u00a0<\/span><\/p>\n<p><span style=\"font-weight: 400\">Un sublime cake 2 \u00e9tages pour sublimer un \u00e9v\u00e8nement unique\u00a0!<\/span><\/p>\n<p>Un m\u00e9lange d\u2019\u00e9l\u00e9gance et de douceur pour votre dessert de mariage<\/p>\n<p>&nbsp;<\/p>\n","protected":false},"featured_media":14709,"template":"","meta":{"_acf_changed":false,"_seopress_robots_primary_cat":"none","_seopress_titles_title":"","_seopress_titles_desc":"","_seopress_robots_index":"","inline_featured_image":false},"product_cat":[121,93,88,124],"product_tag":[51,71,89],"acf":[],"_links":{"self":[{"href":"https:\/\/bestiesbakery.fr\/gennevilliers\/wp-json\/wp\/v2\/product\/12071"}],"collection":[{"href":"https:\/\/bestiesbakery.fr\/gennevilliers\/wp-json\/wp\/v2\/product"}],"about":[{"href":"https:\/\/bestiesbakery.fr\/gennevilliers\/wp-json\/wp\/v2\/types\/product"}],"wp:featuredmedia":[{"embeddable":true,"href":"https:\/\/bestiesbakery.fr\/gennevilliers\/wp-json\/wp\/v2\/media\/14709"}],"wp:attachment":[{"href":"https:\/\/bestiesbakery.fr\/gennevilliers\/wp-json\/wp\/v2\/media?parent=12071"}],"wp:term":[{"taxonomy":"product_cat","embeddable":true,"href":"https:\/\/bestiesbakery.fr\/gennevilliers\/wp-json\/wp\/v2\/product_cat?post=12071"},{"taxonomy":"product_tag","embeddable":true,"href":"https:\/\/bestiesbakery.fr\/gennevilliers\/wp-json\/wp\/v2\/product_tag?post=12071"}],"curies":[{"name":"wp","href":"https:\/\/api.w.org\/{rel}","templated":true}]}}